{"id":23,"date":"2024-05-28T18:34:25","date_gmt":"2024-05-28T16:34:25","guid":{"rendered":"https:\/\/preview.odenwaldversicherungen.de\/?page_id=23"},"modified":"2024-05-28T19:04:09","modified_gmt":"2024-05-28T17:04:09","slug":"hundehaftpflicht-odenwald","status":"publish","type":"page","link":"https:\/\/preview.odenwaldversicherungen.de\/index.php\/hundehaftpflicht-odenwald\/","title":{"rendered":"Hundehaftpflicht Odenwald"},"content":{"rendered":"<div id=\"ez-toc-container\" class=\"ez-toc-v2_0_66_1 counter-hierarchy ez-toc-counter ez-toc-grey ez-toc-container-direction\">\n<div class=\"ez-toc-title-container\">\n<p class=\"ez-toc-title \" >Inhaltsverzeichnis<\/p>\n<span class=\"ez-toc-title-toggle\"><a href=\"#\" class=\"ez-toc-pull-right ez-toc-btn ez-toc-btn-xs ez-toc-btn-default ez-toc-toggle\" aria-label=\"Toggle Table of Content\"><span class=\"ez-toc-js-icon-con\"><span class=\"\"><span class=\"eztoc-hide\" style=\"display:none;\">Toggle<\/span><span class=\"ez-toc-icon-toggle-span\"><svg style=\"fill: #999;color:#999\" xmlns=\"http:\/\/www.w3.org\/2000\/svg\" class=\"list-377408\" width=\"20px\" height=\"20px\" viewBox=\"0 0 24 24\" fill=\"none\"><path d=\"M6 6H4v2h2V6zm14 0H8v2h12V6zM4 11h2v2H4v-2zm16 0H8v2h12v-2zM4 16h2v2H4v-2zm16 0H8v2h12v-2z\" fill=\"currentColor\"><\/path><\/svg><svg style=\"fill: #999;color:#999\" class=\"arrow-unsorted-368013\" xmlns=\"http:\/\/www.w3.org\/2000\/svg\" width=\"10px\" height=\"10px\" viewBox=\"0 0 24 24\" version=\"1.2\" baseProfile=\"tiny\"><path d=\"M18.2 9.3l-6.2-6.3-6.2 6.3c-.2.2-.3.4-.3.7s.1.5.3.7c.2.2.4.3.7.3h11c.3 0 .5-.1.7-.3.2-.2.3-.5.3-.7s-.1-.5-.3-.7zM5.8 14.7l6.2 6.3 6.2-6.3c.2-.2.3-.5.3-.7s-.1-.5-.3-.7c-.2-.2-.4-.3-.7-.3h-11c-.3 0-.5.1-.7.3-.2.2-.3.5-.3.7s.1.5.3.7z\"\/><\/svg><\/span><\/span><\/span><\/a><\/span><\/div>\n<nav><ul class='ez-toc-list ez-toc-list-level-1 ' ><li class='ez-toc-page-1 ez-toc-heading-level-2'><a class=\"ez-toc-link ez-toc-heading-1\" href=\"https:\/\/preview.odenwaldversicherungen.de\/index.php\/hundehaftpflicht-odenwald\/#Warum_eine_Hundehaftpflicht_im_Odenwald_unverzichtbar_ist\" title=\"Warum eine Hundehaftpflicht im Odenwald unverzichtbar ist\">Warum eine Hundehaftpflicht im Odenwald unverzichtbar ist<\/a><\/li><li class='ez-toc-page-1 ez-toc-heading-level-2'><a class=\"ez-toc-link ez-toc-heading-2\" href=\"https:\/\/preview.odenwaldversicherungen.de\/index.php\/hundehaftpflicht-odenwald\/#Gruende_fuer_eine_Hundehaftpflicht_im_Odenwald\" title=\"Gr\u00fcnde f\u00fcr eine Hundehaftpflicht im Odenwald\">Gr\u00fcnde f\u00fcr eine Hundehaftpflicht im Odenwald<\/a><\/li><li class='ez-toc-page-1 ez-toc-heading-level-2'><a class=\"ez-toc-link ez-toc-heading-3\" href=\"https:\/\/preview.odenwaldversicherungen.de\/index.php\/hundehaftpflicht-odenwald\/#_Vorteile_einer_Hundehaftpflichtversicherung_im_Odenwald\" title=\"\u00a0Vorteile einer Hundehaftpflichtversicherung im Odenwald\">\u00a0Vorteile einer Hundehaftpflichtversicherung im Odenwald<\/a><ul class='ez-toc-list-level-3' ><li class='ez-toc-heading-level-3'><a class=\"ez-toc-link ez-toc-heading-4\" href=\"https:\/\/preview.odenwaldversicherungen.de\/index.php\/hundehaftpflicht-odenwald\/#Fazit\" title=\"Fazit\">Fazit<\/a><\/li><\/ul><\/li><\/ul><\/nav><\/div>\n<h2><span class=\"ez-toc-section\" id=\"Warum_eine_Hundehaftpflicht_im_Odenwald_unverzichtbar_ist\"><\/span><strong>Warum eine Hundehaftpflicht im Odenwald unverzichtbar ist<\/strong><span class=\"ez-toc-section-end\"><\/span><\/h2>\n<p>Eine Hundehaftpflichtversicherung im Odenwald ist f\u00fcr Hundebesitzer unerl\u00e4sslich. Diese Versicherung sch\u00fctzt Sie vor den finanziellen Folgen, wenn Ihr Hund Sch\u00e4den anrichtet. Im Odenwald, einer Region, die f\u00fcr ihre Natur, Tierfreundlichkeit und Outdoor-Aktivit\u00e4ten bekannt ist, gibt es zahlreiche Situationen, in denen eine Hundehaftpflichtversicherung von gro\u00dfem Nutzen sein kann.<\/p>\n<h2><span class=\"ez-toc-section\" id=\"Gruende_fuer_eine_Hundehaftpflicht_im_Odenwald\"><\/span><strong>Gr\u00fcnde f\u00fcr eine Hundehaftpflicht im Odenwald<\/strong><span class=\"ez-toc-section-end\"><\/span><\/h2>\n<p>1. Naturnahe Lebensweise: Der Odenwald bietet viele Gelegenheiten f\u00fcr Spazierg\u00e4nge, Wanderungen und andere Outdoor-Aktivit\u00e4ten mit Ihrem Hund. Dabei kann es leicht passieren, dass Ihr Hund andere Tiere oder Menschen verletzt oder Eigentum besch\u00e4digt. Eine Hundehaftpflichtversicherung deckt solche Sch\u00e4den ab und sch\u00fctzt Sie vor hohen Kosten.<\/p>\n<p>2. Hundetreffen: In der hundefreundlichen Gemeinschaft des Odenwaldes gibt es viele Treffen und Veranstaltungen f\u00fcr Hundebesitzer. Bei solchen Gelegenheiten k\u00f6nnen unvorhergesehene Zwischenf\u00e4lle passieren. Mit einer Hundehaftpflichtversicherung sind Sie abgesichert, falls Ihr Hund einen Schaden verursacht.<\/p>\n<p>3. Freilaufgebiete und Hundewiesen: Der Odenwald verf\u00fcgt \u00fcber zahlreiche Freilaufgebiete, in denen Hunde ohne Leine spielen d\u00fcrfen. In diesen Gebieten kann es schnell zu Unf\u00e4llen kommen, bei denen Ihr Hund jemanden verletzt oder etwas besch\u00e4digt. Eine Hundehaftpflichtversicherung \u00fcbernimmt die Kosten f\u00fcr solche Vorf\u00e4lle.<\/p>\n<p>4. Mietwohnung: Wenn Sie in einer Mietwohnung im Odenwald leben, kann Ihr Hund auch Sch\u00e4den an der Mietwohnung verursachen. Eine Hundehaftpflichtversicherung sch\u00fctzt Sie vor den finanziellen Folgen solcher Sch\u00e4den und sorgt daf\u00fcr, dass das Verh\u00e4ltnis zu Ihrem Vermieter nicht belastet wird.<\/p>\n<h2><span class=\"ez-toc-section\" id=\"_Vorteile_einer_Hundehaftpflichtversicherung_im_Odenwald\"><\/span>\u00a0<strong>Vorteile einer Hundehaftpflichtversicherung im Odenwald<\/strong><span class=\"ez-toc-section-end\"><\/span><\/h2>\n<p>&#8211; Umfassender Schutz: Eine Hundehaftpflichtversicherung deckt Personen-, Sach- und Verm\u00f6genssch\u00e4den ab, die durch Ihren Hund verursacht werden. Das gibt Ihnen die Sicherheit, dass Sie im Schadensfall finanziell abgesichert sind.<\/p>\n<p>&#8211; Rechtliche Absicherung: Sollte es zu einem Rechtsstreit kommen, weil Ihr Hund einen Schaden verursacht hat, \u00fcbernimmt die Versicherung auch die Kosten f\u00fcr Ihre rechtliche Verteidigung.<\/p>\n<p>&#8211; Beruhigendes Gef\u00fchl: Mit einer Hundehaftpflichtversicherung k\u00f6nnen Sie die Zeit mit Ihrem Hund im Odenwald unbeschwert genie\u00dfen, ohne sich Sorgen um m\u00f6gliche finanzielle Risiken machen zu m\u00fcssen.<\/p>\n<p>&#8211; Individuelle Anpassung: Versicherungspolicen k\u00f6nnen an Ihre individuellen Bed\u00fcrfnisse und die speziellen Anforderungen Ihres Hundes angepasst werden, sodass Sie genau den Schutz erhalten, den Sie ben\u00f6tigen.<\/p>\n<h3><span class=\"ez-toc-section\" id=\"Fazit\"><\/span><strong>Fazit<\/strong><span class=\"ez-toc-section-end\"><\/span><\/h3>\n<p>Eine Hundehaftpflichtversicherung im Odenwald ist eine sinnvolle Investition f\u00fcr jeden Hundebesitzer. Sie bietet umfassenden Schutz vor den finanziellen Risiken, die durch Sch\u00e4den entstehen, die Ihr Hund verursacht. Ob bei Spazierg\u00e4ngen, Hundetreffen, in Freilaufgebieten oder in Ihrer Mietwohnung \u2013 eine Hundehaftpflichtversicherung sorgt daf\u00fcr, dass Sie und Ihr Hund bestens abgesichert sind. Sch\u00fctzen Sie sich und genie\u00dfen Sie das Leben im Odenwald sorgenfrei mit einer Hundehaftpflichtversicherung.<\/p>\n","protected":false},"excerpt":{"rendered":"<p>Warum eine Hundehaftpflicht im Odenwald unverzichtbar ist Eine Hundehaftpflichtversicherung im Odenwald ist f\u00fcr Hundebesitzer unerl\u00e4sslich. Diese Versicherung sch\u00fctzt Sie vor den finanziellen Folgen, wenn Ihr Hund Sch\u00e4den anrichtet. Im Odenwald, einer Region, die f\u00fcr ihre Natur, Tierfreundlichkeit und Outdoor-Aktivit\u00e4ten bekannt ist, gibt es zahlreiche Situationen, in denen eine Hundehaftpflichtversicherung von gro\u00dfem Nutzen sein kann. Gr\u00fcnde [&hellip;]<\/p>\n","protected":false},"author":1,"featured_media":0,"parent":0,"menu_order":0,"comment_status":"closed","ping_status":"closed","template":"","meta":{"footnotes":""},"class_list":["post-23","page","type-page","status-publish","hentry"],"_links":{"self":[{"href":"https:\/\/preview.odenwaldversicherungen.de\/index.php\/wp-json\/wp\/v2\/pages\/23","targetHints":{"allow":["GET"]}}],"collection":[{"href":"https:\/\/preview.odenwaldversicherungen.de\/index.php\/wp-json\/wp\/v2\/pages"}],"about":[{"href":"https:\/\/preview.odenwaldversicherungen.de\/index.php\/wp-json\/wp\/v2\/types\/page"}],"author":[{"embeddable":true,"href":"https:\/\/preview.odenwaldversicherungen.de\/index.php\/wp-json\/wp\/v2\/users\/1"}],"replies":[{"embeddable":true,"href":"https:\/\/preview.odenwaldversicherungen.de\/index.php\/wp-json\/wp\/v2\/comments?post=23"}],"version-history":[{"count":1,"href":"https:\/\/preview.odenwaldversicherungen.de\/index.php\/wp-json\/wp\/v2\/pages\/23\/revisions"}],"predecessor-version":[{"id":24,"href":"https:\/\/preview.odenwaldversicherungen.de\/index.php\/wp-json\/wp\/v2\/pages\/23\/revisions\/24"}],"wp:attachment":[{"href":"https:\/\/preview.odenwaldversicherungen.de\/index.php\/wp-json\/wp\/v2\/media?parent=23"}],"curies":[{"name":"wp","href":"https:\/\/api.w.org\/{rel}","templated":true}]}}