{"id":37,"date":"2024-06-05T10:16:56","date_gmt":"2024-06-05T08:16:56","guid":{"rendered":"https:\/\/preview.odenwaldversicherungen.de\/?page_id=37"},"modified":"2024-06-05T10:36:16","modified_gmt":"2024-06-05T08:36:16","slug":"impressum","status":"publish","type":"page","link":"https:\/\/preview.odenwaldversicherungen.de\/index.php\/impressum\/","title":{"rendered":"Impressum"},"content":{"rendered":"<p>Anschrift<\/p>\n<p>Raphael Sebbane<br \/>\nErbacher-Str. 11<br \/>\n64739 H\u00f6chst<\/p>\n<p>Telefon: 06163 \/ 9139752<br \/>\nE-Mail: info@odenwaldversicherungen.de<br \/>\n<a href=\"https:\/\/karn-assekuranz.de\/\">www.odenwaldversicherungen.de<\/a><\/p>\n<div>\n<p>Raphael Sebbane<br \/>\nRechtsform: Einzelunternehmen<br \/>\nGesch\u00e4ftsf\u00fchrer: Raphael Sebbane Fachwirt f\u00fcr Versicherungen und Finanzen (IHK)<br \/>\nRegisternummer: D-6V04-N8UXI-30<br \/>\nRegisterstelle: IHK Darmstadt Rheinstr. 89, 64295 Darmstadt www.vermittlerregister.infoTel: 0180\/6005850<\/p>\n<p>T\u00e4tigkeitsart: Der Vermittler ist Versicherungsmakler im Sinne des \u00a734d Abs. 1 GewO erteilt durch IHK Wiesbaden<\/p>\n<p>Verm\u00f6gensschadenhaftpflicht: Deckungssumme 1.6 Mio. Euro bei Allianz Versicherungs Ag \u2013 Nr. 70\/0450\/7054948\/202<\/p>\n<p>Der Versicherungsmakler Raphael Sebane besitzt weder direkte noch indirekten Beteiligungen von \u00fcber zehn Prozent an den Stimmrechten oder am Kapital eines Versicherungsunternehmens noch besitzen Versicherungsnehmen oder Mutterunternehmen von Versicherungsunternehmen eine direkte oder indirekte Beteiligungen von \u00fcber zehn Prozent an den Stimmrechten oder am Kapitals der Agentur.<br \/>\nF\u00fcr alle unsere Dienstleistungen und externen Links, gelten die Allgemeinen Gesch\u00e4ftsbedingungen (AGB\u00b4s)<\/p>\n<p>Beschwerde-\/Schlichtungsstellen:<\/p>\n<p>Bundesanstalt f\u00fcr Finanzdienstleistungsaufsicht<br \/>\nGraurheindorfer Str. 108<br \/>\n53117 Bonn<br \/>\nwww.bafin.de<\/p>\n<p>Versicherungsombudsmann e.V.<br \/>\nPostfach 08 06 32<br \/>\n10006 Berlin<br \/>\nwww.versicherungsombudsmann.de<\/p>\n<p>Ombudsmann Private Kranken- und Pflegeversicherung<br \/>\nLeipziger Str. 104<br \/>\n10117 Berlin<br \/>\nwww.pkv-ombudsmann.de<\/p>\n<p>Allgemeine Gesch\u00e4ftsbedingungen (AGB)<\/p>\n<p>1. Die Informationen \u00fcber Versicherungsprodukte durch den Versicherungsmakler Raphael Sebbane stellt keine Versicherungsberatung dar. Ein Versicherungsvermittlungsverh\u00e4ltnis kommt ausschlie\u00dflich auf der Grundlage der vom Nutzer im Versicherungsvergleich eingegeben und \u00fcbermittelten Daten zustande. Die aus dem Versicherungsvermittlungsverh\u00e4ltnis erwachsende Beratungspflicht gem\u00e4\u00df \u00a7 61 Abs. 1 VVG wird, auf Grund der Gesch\u00e4ftskonzeption des Versicherungsmaklers Raphael Sebbane, durch die Darbietung des Ergebnisses des vom Nutzer geforderten Vergleichs erf\u00fcllt. F\u00fcr Entscheidungen oder Handlungen, die der Verbraucher auf Basis der dargestellten Informationen trifft, ist allein er verantwortlich.<\/p>\n<p>2. Der Versicherungsmakler Raphael Sebbane stellt dem Nutzer unverbindliche Beitrags- und Konditionenvergleiche f\u00fcr Versicherungsprodukte kostenlos zur Verf\u00fcgung. Der Nutzer kann sich auf der Basis von ihm angegebener Kriterien einen \u00dcberblick \u00fcber die Produkte der verschiedenen Anbieter verschaffen. Er kann online eine f\u00fcr Ihn geeignete Versicherungsgesellschaft ausw\u00e4hlen, Antr\u00e4ge stellen oder Angebote anfordern.<\/p>\n<div>3. Schlussbestimmungen<br \/>\nSollte eine Bestimmung unwirksam sein oder werden, so wird die Wirksamkeit der \u00fcbrigen Bestimmungen hiervon nicht ber\u00fchrt.Haftung f\u00fcr InhalteDie Inhalte unserer Seiten wurden mit gr\u00f6\u00dfter Sorgfalt erstellt. F\u00fcr die Richtigkeit, Vollst\u00e4ndigkeit und Aktualit\u00e4t der Inhalte k\u00f6nnen wir jedoch keine Gew\u00e4hr \u00fcbernehmen. Als Diensteanbieter sind wir gem\u00e4\u00df \u00a7 7 Abs.1 TMG f\u00fcr eigene Inhalte auf diesen Seiten nach den allgemeinen Gesetzen verantwortlich. Nach \u00a7\u00a7 8 bis 10 TMG sind wir als Diensteanbieter jedoch nicht verpflichtet, \u00fcbermittelte oder gespeicherte fremde Informationen zu \u00fcberwachen oder nach Umst\u00e4nden zu forschen, die auf eine rechtswidrige T\u00e4tigkeit hinweisen. Verpflichtungen zur Entfernung oder Sperrung der Nutzung von Informationen nach den allgemeinen Gesetzen bleiben hiervon unber\u00fchrt. Eine diesbez\u00fcgliche Haftung ist jedoch erst ab dem Zeitpunkt der Kenntnis einer konkreten Rechtsverletzung m\u00f6glich. Bei Bekanntwerden von entsprechenden Rechtsverletzungen werden wir diese Inhalte umgehend entfernen.Haftung f\u00fcr LinksUnser Angebot enth\u00e4lt Links zu externen Webseiten Dritter, auf deren Inhalte wir keinen Einfluss haben. Deshalb k\u00f6nnen wir f\u00fcr diese fremden Inhalte auch keine Gew\u00e4hr \u00fcbernehmen. F\u00fcr die Inhalte der verlinkten Seiten ist stets der jeweilige Anbieter oder Betreiber der Seiten verantwortlich. Die verlinkten Seiten wurden zum Zeitpunkt der Verlinkung auf m\u00f6gliche Rechtsverst\u00f6\u00dfe \u00fcberpr\u00fcft. Rechtswidrige Inhalte waren zum Zeitpunkt der Verlinkung nicht erkennbar. Eine permanente inhaltliche Kontrolle der verlinkten Seiten ist jedoch ohne konkrete Anhaltspunkte einer Rechtsverletzung nicht zumutbar. Bei Bekanntwerden von Rechtsverletzungen werden wir derartige Links umgehend entfernen.UrheberrechtDie durch die Seitenbetreiber erstellten Inhalte und Werke auf diesen Seiten unterliegen dem deutschen Urheberrecht. Die Vervielf\u00e4ltigung, Bearbeitung, Verbreitung und jede Art der Verwertung au\u00dferhalb der Grenzen des Urheberrechtes bed\u00fcrfen der schriftlichen Zustimmung des jeweiligen Autors bzw. Erstellers. Downloads und Kopien dieser Seite sind nur f\u00fcr den privaten, nicht kommerziellen Gebrauch gestattet. Soweit die Inhalte auf dieser Seite nicht vom Betreiber erstellt wurden, werden die Urheberrechte Dritter beachtet. Insbesondere werden Inhalte Dritter als solche gekennzeichnet. Sollten Sie trotzdem auf eine Urheberrechtsverletzung aufmerksam werden, bitten wir um einen entsprechenden Hinweis. Bei Bekanntwerden von Rechtsverletzungen werden wir derartige Inhalte umgehend entfernen.<\/div>\n<\/div>\n","protected":false},"excerpt":{"rendered":"<p>Anschrift Raphael Sebbane Erbacher-Str. 11 64739 H\u00f6chst Telefon: 06163 \/ 9139752 E-Mail: info@odenwaldversicherungen.de www.odenwaldversicherungen.de Raphael Sebbane Rechtsform: Einzelunternehmen Gesch\u00e4ftsf\u00fchrer: Raphael Sebbane Fachwirt f\u00fcr Versicherungen und Finanzen (IHK) Registernummer: D-6V04-N8UXI-30 Registerstelle: IHK Darmstadt Rheinstr. 89, 64295 Darmstadt www.vermittlerregister.infoTel: 0180\/6005850 T\u00e4tigkeitsart: Der Vermittler ist Versicherungsmakler im Sinne des \u00a734d Abs. 1 GewO erteilt durch IHK Wiesbaden Verm\u00f6gensschadenhaftpflicht: [&hellip;]<\/p>\n","protected":false},"author":2,"featured_media":0,"parent":0,"menu_order":0,"comment_status":"closed","ping_status":"closed","template":"","meta":{"footnotes":""},"class_list":["post-37","page","type-page","status-publish","hentry"],"_links":{"self":[{"href":"https:\/\/preview.odenwaldversicherungen.de\/index.php\/wp-json\/wp\/v2\/pages\/37","targetHints":{"allow":["GET"]}}],"collection":[{"href":"https:\/\/preview.odenwaldversicherungen.de\/index.php\/wp-json\/wp\/v2\/pages"}],"about":[{"href":"https:\/\/preview.odenwaldversicherungen.de\/index.php\/wp-json\/wp\/v2\/types\/page"}],"author":[{"embeddable":true,"href":"https:\/\/preview.odenwaldversicherungen.de\/index.php\/wp-json\/wp\/v2\/users\/2"}],"replies":[{"embeddable":true,"href":"https:\/\/preview.odenwaldversicherungen.de\/index.php\/wp-json\/wp\/v2\/comments?post=37"}],"version-history":[{"count":4,"href":"https:\/\/preview.odenwaldversicherungen.de\/index.php\/wp-json\/wp\/v2\/pages\/37\/revisions"}],"predecessor-version":[{"id":73,"href":"https:\/\/preview.odenwaldversicherungen.de\/index.php\/wp-json\/wp\/v2\/pages\/37\/revisions\/73"}],"wp:attachment":[{"href":"https:\/\/preview.odenwaldversicherungen.de\/index.php\/wp-json\/wp\/v2\/media?parent=37"}],"curies":[{"name":"wp","href":"https:\/\/api.w.org\/{rel}","templated":true}]}}