{"id":42,"date":"2024-05-29T10:03:14","date_gmt":"2024-05-29T08:03:14","guid":{"rendered":"https:\/\/preview.odenwaldversicherungen.de\/?page_id=42"},"modified":"2024-05-29T10:50:26","modified_gmt":"2024-05-29T08:50:26","slug":"erstinformation","status":"publish","type":"page","link":"https:\/\/preview.odenwaldversicherungen.de\/index.php\/erstinformation\/","title":{"rendered":"Erstinformation"},"content":{"rendered":"<div class=\"wpb_column vc_column_container vc_col-sm-12\">\n<div class=\"vc_column-inner \">\n<div class=\"wpb_wrapper\">\n<div class=\"wpb_text_column wpb_content_element \">\n<div class=\"wpb_wrapper\">\n<h4>1. Name, Anschrift und Kontaktdaten:<\/h4>\n<p>Odenwaldversicherungen<\/p>\n<p>Inhaber: Raphael Sebbane<br \/>\nErbacher Str.11 64739 H\u00f6chst<br \/>\nTelefon:+49 (0) 6163\/9139752<\/p>\n<p>e-mail: <a href=\"mailto:info@odenwaldversicherungen.de\">info@odenwaldversicherungen.de<\/a><\/p>\n<h4><span id=\"2_Taetigkeitsart\" class=\"ez-toc-section\"><\/span>2. T\u00e4tigkeitsart:<\/h4>\n<p>Gemeldet bei der IHK Darmstadt als Versicherungsmakler mit einer Erlaubnis nach \u00a7 34d Abs. 1 der Gewerbeordnung.<\/p>\n<h4><span id=\"3_Beratungsangebot\" class=\"ez-toc-section\"><\/span>3. Beratungsangebot:<\/h4>\n<p>Dem Kunden wird eine Beratung \u00fcber den gew\u00fcnschten Versicherungsschutz vor einer Vertragsvermittlung oder dem Abschluss eines Versicherungsvertrages angeboten. Ob der Kunde eine Beratung gew\u00fcnscht und erhalten hatte, ergibt sich aus der Beratungsdokumentation oder einer Beratungsverzichtserkl\u00e4rung des Kunden.<\/p>\n<h4><span id=\"4_Offenlegung_direkter_oder_indirekter_Beteiligungen_ueber_10_an_Versicherungsunternehmen_oder_von_Versicherungsunternehmen_am_Kapital_des_Versicherungsvermittlers_ueber_10\" class=\"ez-toc-section\"><\/span>4. Offenlegung direkter oder indirekter Beteiligungen \u00fcber 10 % an Versicherungsunternehmen oder von Versicherungsunternehmen am Kapital des Versicherungsvermittlers \u00fcber 10 %:<\/h4>\n<p>Der Versicherungsvermittler h\u00e4lt keine unmittelbare oder mittelbare Beteiligung von mehr als 10 % der Stimmrechte oder des Kapitals an einem Versicherungsunternehmen.<\/p>\n<p>Ein Versicherungsunternehmen h\u00e4lt keine mittelbare oder unmittelbare Beteiligung von mehr als 10 % der Stimmrechte oder des Kapitals am Versicherungsvermittler.<\/p>\n<h4><span id=\"5_Information_des_Vermittlers_ueber_Verguetungen_und_Zuwendungen_im_Bereich_der_Versicherungsvermittlung\" class=\"ez-toc-section\"><\/span>5. Information des Vermittlers \u00fcber Verg\u00fctungen und Zuwendungen im Bereich der Versicherungsvermittlung:<\/h4>\n<p><strong>Kostenfreie Beratung f\u00fcr den Kunden<\/strong><br \/>\nDer Vermittler erh\u00e4lt f\u00fcr die Vermittlung eines Versicherungsvertrages eine Courtage\/Provision von dem Produktanbieter\/Versicherer. Der Kunde schuldet dem Vermittler keine gesonderte Verg\u00fctung.<\/p>\n<h4><span id=\"6_Gemeinsame_Registerstelle_nach_%C2%A7_11_a_Abs_1_GewO\" class=\"ez-toc-section\"><\/span>6. Gemeinsame Registerstelle nach \u00a7 11 a Abs. 1 GewO:<\/h4>\n<p>Registernummer: D-6V04-N8UXI-30<br \/>\nRegisterstelle: IHK Darmstadt Rheinstr. 89, 64295 Darmstadt www.vermittlerregister.info<\/p>\n<p>Tel: 0180\/6005850<\/p>\n<p>Deutscher Industrie und Handelskammertag (DIHK) e.V.<br \/>\nBreite Stra\u00dfe 29<br \/>\n10178 Berlin<br \/>\nTel.: 0180 600 58 50<br \/>\n(Festnetzpreis 0,20 \u20ac\/Anruf; Mobilfunkpreise maximal 0,60 \u20ac\/Anruf)<br \/>\n<a href=\"http:\/\/www.vermittlerregister.info\/\" target=\"_blank\" rel=\"noopener noreferrer\">www.vermittlerregister.info<\/a><\/p>\n<h4><span id=\"7_Anschriften_der_Schlichtungsstellen\" class=\"ez-toc-section\"><\/span>7. Anschriften der Schlichtungsstellen:<\/h4>\n<p>Versicherungsombudsmann e. V.<br \/>\nPostfach 08 06 32<br \/>\n10006 Berlin<br \/>\nTel.: 0800 3696000 (kostenfrei aus deutschen Telefonnetzen)<br \/>\nFax: 0800 3699000 (kostenfrei aus deutschen Telefonnetzen)<br \/>\nInternet:\u00a0<a href=\"http:\/\/www.versicherungsombudsmann.de\/\" target=\"_blank\" rel=\"noopener noreferrer\">www.versicherungsombudsmann.de<\/a><\/p>\n<p>Ombudsmann Private Kranken- und Pflegeversicherung<br \/>\nPostfach 06 02 22<br \/>\n10052 Berlin<br \/>\nTel: 0800 2550444 (kostenfrei aus deutschen Telefonnetzen)<br \/>\nFax: 030 20458931<br \/>\nInternet:\u00a0<a href=\"http:\/\/www.pkv-ombudsmann.de\/\" target=\"_blank\" rel=\"noopener noreferrer\">www.pkv-ombudsmann.de<\/a><\/p>\n<p><a href=\"https:\/\/webgate.ec.europa.de\/odr\" target=\"_blank\" rel=\"noopener noreferrer\">Online Streitbeilegung via EU https:\/\/webgate.ec.europa.eu\/odr<\/a><\/p>\n<h4><span id=\"8_Informationen_gemaess_%C2%A7_60_Abs_2_Versicherungsvertragsgesetz_VVG\" class=\"ez-toc-section\"><\/span>8. Informationen gem\u00e4\u00df \u00a7 60 Abs. 2 Versicherungsvertragsgesetz (VVG)<\/h4>\n<p>In den Vergleichen oder in den direkten Rechner sind nicht alle im Markt aktiven Versicherer und Versicherungstarife abgebildet, weshalb es sich hierbei nur um eine entsprechend eingeschr\u00e4nkte Versicherer- und Vertragsauswahl handelt.<\/p>\n<p>Grund f\u00fcr diese eingeschr\u00e4nkte Auswahl ist, dass manche Versicherer nicht oder nur eingeschr\u00e4nkt am Vergleich teilnehmen oder der Kunde direkt einen Versicherer ausgew\u00e4hlt hat. Dies kann an diversen unterschiedlichen Faktoren liegen. z. B. keine Tarifdaten oder Preise zur Verf\u00fcgung stellen k\u00f6nnen oder auf eigenen Wunsch nicht gelistet werden wollen oder keine Provisionsvereinbarung haben.<\/p>\n<\/div>\n<\/div>\n<\/div>\n<\/div>\n<\/div>\n<h1><strong>\u00a0<\/strong><\/h1>\n<p>&nbsp;<\/p>\n","protected":false},"excerpt":{"rendered":"<p>1. Name, Anschrift und Kontaktdaten: Odenwaldversicherungen Inhaber: Raphael Sebbane Erbacher Str.11 64739 H\u00f6chst Telefon:+49 (0) 6163\/9139752 e-mail: info@odenwaldversicherungen.de 2. T\u00e4tigkeitsart: Gemeldet bei der IHK Darmstadt als Versicherungsmakler mit einer Erlaubnis nach \u00a7 34d Abs. 1 der Gewerbeordnung. 3. Beratungsangebot: Dem Kunden wird eine Beratung \u00fcber den gew\u00fcnschten Versicherungsschutz vor einer Vertragsvermittlung oder dem Abschluss eines [&hellip;]<\/p>\n","protected":false},"author":2,"featured_media":0,"parent":0,"menu_order":0,"comment_status":"closed","ping_status":"closed","template":"","meta":{"footnotes":""},"class_list":["post-42","page","type-page","status-publish","hentry"],"_links":{"self":[{"href":"https:\/\/preview.odenwaldversicherungen.de\/index.php\/wp-json\/wp\/v2\/pages\/42","targetHints":{"allow":["GET"]}}],"collection":[{"href":"https:\/\/preview.odenwaldversicherungen.de\/index.php\/wp-json\/wp\/v2\/pages"}],"about":[{"href":"https:\/\/preview.odenwaldversicherungen.de\/index.php\/wp-json\/wp\/v2\/types\/page"}],"author":[{"embeddable":true,"href":"https:\/\/preview.odenwaldversicherungen.de\/index.php\/wp-json\/wp\/v2\/users\/2"}],"replies":[{"embeddable":true,"href":"https:\/\/preview.odenwaldversicherungen.de\/index.php\/wp-json\/wp\/v2\/comments?post=42"}],"version-history":[{"count":3,"href":"https:\/\/preview.odenwaldversicherungen.de\/index.php\/wp-json\/wp\/v2\/pages\/42\/revisions"}],"predecessor-version":[{"id":46,"href":"https:\/\/preview.odenwaldversicherungen.de\/index.php\/wp-json\/wp\/v2\/pages\/42\/revisions\/46"}],"wp:attachment":[{"href":"https:\/\/preview.odenwaldversicherungen.de\/index.php\/wp-json\/wp\/v2\/media?parent=42"}],"curies":[{"name":"wp","href":"https:\/\/api.w.org\/{rel}","templated":true}]}}